{"id":2639,"date":"2024-01-29T14:26:28","date_gmt":"2024-01-29T12:26:28","guid":{"rendered":"https:\/\/metallplastekor.vdisain.dev\/tuotteet\/"},"modified":"2024-08-02T10:47:25","modified_gmt":"2024-08-02T08:47:25","slug":"tuotteet","status":"publish","type":"page","link":"https:\/\/metall.plastekor.ee\/fi\/tuotteet\/","title":{"rendered":"Tuotteet"},"content":{"rendered":"","protected":false},"excerpt":{"rendered":"","protected":false},"author":2,"featured_media":0,"parent":0,"menu_order":8,"comment_status":"closed","ping_status":"closed","template":"templates\/tooted.php","meta":{"_acf_changed":false,"footnotes":""},"class_list":["post-2639","page","type-page","status-publish","hentry"],"acf":[],"yoast_head":"<!-- This site is optimized with the Yoast SEO plugin v26.8 - https:\/\/yoast.com\/product\/yoast-seo-wordpress\/ -->\n<title>Tuotteet - Plastekor Metall<\/title>\n<meta name=\"description\" content=\"Tutustu tuotteisiimme, jotka kattavat erilaisia metallity\u00f6n ratkaisuja. Laadukkaita ja kest\u00e4vi\u00e4 tuotteita eri tarpeisiin.\" \/>\n<meta name=\"robots\" content=\"index, follow, max-snippet:-1, max-image-preview:large, max-video-preview:-1\" \/>\n<link rel=\"canonical\" href=\"https:\/\/metall.plastekor.ee\/fi\/tuotteet\/\" \/>\n<meta property=\"og:locale\" content=\"fi_FI\" \/>\n<meta property=\"og:type\" content=\"article\" \/>\n<meta property=\"og:title\" content=\"Tuotteet - Plastekor Metall\" \/>\n<meta property=\"og:description\" content=\"Tutustu tuotteisiimme, jotka kattavat erilaisia metallity\u00f6n ratkaisuja. Laadukkaita ja kest\u00e4vi\u00e4 tuotteita eri tarpeisiin.\" \/>\n<meta property=\"og:url\" content=\"https:\/\/metall.plastekor.ee\/fi\/tuotteet\/\" \/>\n<meta property=\"og:site_name\" content=\"Plastekor Metall\" \/>\n<meta property=\"article:modified_time\" content=\"2024-08-02T08:47:25+00:00\" \/>\n<meta name=\"twitter:card\" content=\"summary_large_image\" \/>\n<script type=\"application\/ld+json\" class=\"yoast-schema-graph\">{\"@context\":\"https:\/\/schema.org\",\"@graph\":[{\"@type\":\"WebPage\",\"@id\":\"https:\/\/metall.plastekor.ee\/fi\/tuotteet\/\",\"url\":\"https:\/\/metall.plastekor.ee\/fi\/tuotteet\/\",\"name\":\"Tuotteet - Plastekor Metall\",\"isPartOf\":{\"@id\":\"https:\/\/metall.plastekor.ee\/fi\/#website\"},\"datePublished\":\"2024-01-29T12:26:28+00:00\",\"dateModified\":\"2024-08-02T08:47:25+00:00\",\"description\":\"Tutustu tuotteisiimme, jotka kattavat erilaisia metallity\u00f6n ratkaisuja. Laadukkaita ja kest\u00e4vi\u00e4 tuotteita eri tarpeisiin.\",\"breadcrumb\":{\"@id\":\"https:\/\/metall.plastekor.ee\/fi\/tuotteet\/#breadcrumb\"},\"inLanguage\":\"fi\",\"potentialAction\":[{\"@type\":\"ReadAction\",\"target\":[\"https:\/\/metall.plastekor.ee\/fi\/tuotteet\/\"]}]},{\"@type\":\"BreadcrumbList\",\"@id\":\"https:\/\/metall.plastekor.ee\/fi\/tuotteet\/#breadcrumb\",\"itemListElement\":[{\"@type\":\"ListItem\",\"position\":1,\"name\":\"Home\",\"item\":\"https:\/\/metall.plastekor.ee\/fi\/metallituotteet\/\"},{\"@type\":\"ListItem\",\"position\":2,\"name\":\"Tuotteet\"}]},{\"@type\":\"WebSite\",\"@id\":\"https:\/\/metall.plastekor.ee\/fi\/#website\",\"url\":\"https:\/\/metall.plastekor.ee\/fi\/\",\"name\":\"Plastekor Metall\",\"description\":\"Klaasplasttoodete ja metalltoodete m\u00fc\u00fck\",\"publisher\":{\"@id\":\"https:\/\/metall.plastekor.ee\/fi\/#organization\"},\"potentialAction\":[{\"@type\":\"SearchAction\",\"target\":{\"@type\":\"EntryPoint\",\"urlTemplate\":\"https:\/\/metall.plastekor.ee\/fi\/?s={search_term_string}\"},\"query-input\":{\"@type\":\"PropertyValueSpecification\",\"valueRequired\":true,\"valueName\":\"search_term_string\"}}],\"inLanguage\":\"fi\"},{\"@type\":\"Organization\",\"@id\":\"https:\/\/metall.plastekor.ee\/fi\/#organization\",\"name\":\"Plastekor Metall\",\"url\":\"https:\/\/metall.plastekor.ee\/fi\/\",\"logo\":{\"@type\":\"ImageObject\",\"inLanguage\":\"fi\",\"@id\":\"https:\/\/metall.plastekor.ee\/fi\/#\/schema\/logo\/image\/\",\"url\":\"https:\/\/metall.plastekor.ee\/wp-content\/uploads\/2024\/03\/plastekor_red.svg\",\"contentUrl\":\"https:\/\/metall.plastekor.ee\/wp-content\/uploads\/2024\/03\/plastekor_red.svg\",\"width\":1,\"height\":1,\"caption\":\"Plastekor Metall\"},\"image\":{\"@id\":\"https:\/\/metall.plastekor.ee\/fi\/#\/schema\/logo\/image\/\"}}]}<\/script>\n<!-- \/ Yoast SEO plugin. -->","yoast_head_json":{"title":"Tuotteet - Plastekor Metall","description":"Tutustu tuotteisiimme, jotka kattavat erilaisia metallity\u00f6n ratkaisuja. Laadukkaita ja kest\u00e4vi\u00e4 tuotteita eri tarpeisiin.","robots":{"index":"index","follow":"follow","max-snippet":"max-snippet:-1","max-image-preview":"max-image-preview:large","max-video-preview":"max-video-preview:-1"},"canonical":"https:\/\/metall.plastekor.ee\/fi\/tuotteet\/","og_locale":"fi_FI","og_type":"article","og_title":"Tuotteet - Plastekor Metall","og_description":"Tutustu tuotteisiimme, jotka kattavat erilaisia metallity\u00f6n ratkaisuja. Laadukkaita ja kest\u00e4vi\u00e4 tuotteita eri tarpeisiin.","og_url":"https:\/\/metall.plastekor.ee\/fi\/tuotteet\/","og_site_name":"Plastekor Metall","article_modified_time":"2024-08-02T08:47:25+00:00","twitter_card":"summary_large_image","schema":{"@context":"https:\/\/schema.org","@graph":[{"@type":"WebPage","@id":"https:\/\/metall.plastekor.ee\/fi\/tuotteet\/","url":"https:\/\/metall.plastekor.ee\/fi\/tuotteet\/","name":"Tuotteet - Plastekor Metall","isPartOf":{"@id":"https:\/\/metall.plastekor.ee\/fi\/#website"},"datePublished":"2024-01-29T12:26:28+00:00","dateModified":"2024-08-02T08:47:25+00:00","description":"Tutustu tuotteisiimme, jotka kattavat erilaisia metallity\u00f6n ratkaisuja. Laadukkaita ja kest\u00e4vi\u00e4 tuotteita eri tarpeisiin.","breadcrumb":{"@id":"https:\/\/metall.plastekor.ee\/fi\/tuotteet\/#breadcrumb"},"inLanguage":"fi","potentialAction":[{"@type":"ReadAction","target":["https:\/\/metall.plastekor.ee\/fi\/tuotteet\/"]}]},{"@type":"BreadcrumbList","@id":"https:\/\/metall.plastekor.ee\/fi\/tuotteet\/#breadcrumb","itemListElement":[{"@type":"ListItem","position":1,"name":"Home","item":"https:\/\/metall.plastekor.ee\/fi\/metallituotteet\/"},{"@type":"ListItem","position":2,"name":"Tuotteet"}]},{"@type":"WebSite","@id":"https:\/\/metall.plastekor.ee\/fi\/#website","url":"https:\/\/metall.plastekor.ee\/fi\/","name":"Plastekor Metall","description":"Klaasplasttoodete ja metalltoodete m\u00fc\u00fck","publisher":{"@id":"https:\/\/metall.plastekor.ee\/fi\/#organization"},"potentialAction":[{"@type":"SearchAction","target":{"@type":"EntryPoint","urlTemplate":"https:\/\/metall.plastekor.ee\/fi\/?s={search_term_string}"},"query-input":{"@type":"PropertyValueSpecification","valueRequired":true,"valueName":"search_term_string"}}],"inLanguage":"fi"},{"@type":"Organization","@id":"https:\/\/metall.plastekor.ee\/fi\/#organization","name":"Plastekor Metall","url":"https:\/\/metall.plastekor.ee\/fi\/","logo":{"@type":"ImageObject","inLanguage":"fi","@id":"https:\/\/metall.plastekor.ee\/fi\/#\/schema\/logo\/image\/","url":"https:\/\/metall.plastekor.ee\/wp-content\/uploads\/2024\/03\/plastekor_red.svg","contentUrl":"https:\/\/metall.plastekor.ee\/wp-content\/uploads\/2024\/03\/plastekor_red.svg","width":1,"height":1,"caption":"Plastekor Metall"},"image":{"@id":"https:\/\/metall.plastekor.ee\/fi\/#\/schema\/logo\/image\/"}}]}},"_links":{"self":[{"href":"https:\/\/metall.plastekor.ee\/fi\/wp-json\/wp\/v2\/pages\/2639","targetHints":{"allow":["GET"]}}],"collection":[{"href":"https:\/\/metall.plastekor.ee\/fi\/wp-json\/wp\/v2\/pages"}],"about":[{"href":"https:\/\/metall.plastekor.ee\/fi\/wp-json\/wp\/v2\/types\/page"}],"author":[{"embeddable":true,"href":"https:\/\/metall.plastekor.ee\/fi\/wp-json\/wp\/v2\/users\/2"}],"replies":[{"embeddable":true,"href":"https:\/\/metall.plastekor.ee\/fi\/wp-json\/wp\/v2\/comments?post=2639"}],"version-history":[{"count":1,"href":"https:\/\/metall.plastekor.ee\/fi\/wp-json\/wp\/v2\/pages\/2639\/revisions"}],"predecessor-version":[{"id":3619,"href":"https:\/\/metall.plastekor.ee\/fi\/wp-json\/wp\/v2\/pages\/2639\/revisions\/3619"}],"wp:attachment":[{"href":"https:\/\/metall.plastekor.ee\/fi\/wp-json\/wp\/v2\/media?parent=2639"}],"curies":[{"name":"wp","href":"https:\/\/api.w.org\/{rel}","templated":true}]}}