{"id":2641,"date":"2024-01-29T14:28:43","date_gmt":"2024-01-29T12:28:43","guid":{"rendered":"https:\/\/metallplastekor.vdisain.dev\/palvelut\/metallintyosto\/"},"modified":"2024-08-02T10:47:39","modified_gmt":"2024-08-02T08:47:39","slug":"metallintyosto","status":"publish","type":"page","link":"https:\/\/metall.plastekor.ee\/fi\/palvelut\/metallintyosto\/","title":{"rendered":"Metallinty\u00f6st\u00f6"},"content":{"rendered":"","protected":false},"excerpt":{"rendered":"","protected":false},"author":2,"featured_media":3658,"parent":2638,"menu_order":3,"comment_status":"closed","ping_status":"closed","template":"templates\/teenus.php","meta":{"_acf_changed":false,"footnotes":""},"class_list":["post-2641","page","type-page","status-publish","has-post-thumbnail","hentry"],"acf":[],"yoast_head":"<!-- This site is optimized with the Yoast SEO plugin v26.8 - https:\/\/yoast.com\/product\/yoast-seo-wordpress\/ -->\n<title>Metallinty\u00f6st\u00f6 - Plastekor Metall<\/title>\n<meta name=\"description\" content=\"Laaja valikoima metallinty\u00f6st\u00f6palveluja tarpeisiisi. Ammattitaitoiset ja laadukkaat ratkaisut erilaisiin metallinty\u00f6st\u00f6tarpeisiin.\" \/>\n<meta name=\"robots\" content=\"index, follow, max-snippet:-1, max-image-preview:large, max-video-preview:-1\" \/>\n<link rel=\"canonical\" href=\"https:\/\/metall.plastekor.ee\/fi\/palvelut\/metallintyosto\/\" \/>\n<meta property=\"og:locale\" content=\"fi_FI\" \/>\n<meta property=\"og:type\" content=\"article\" \/>\n<meta property=\"og:title\" content=\"Metallinty\u00f6st\u00f6 - Plastekor Metall\" \/>\n<meta property=\"og:description\" content=\"Laaja valikoima metallinty\u00f6st\u00f6palveluja tarpeisiisi. Ammattitaitoiset ja laadukkaat ratkaisut erilaisiin metallinty\u00f6st\u00f6tarpeisiin.\" \/>\n<meta property=\"og:url\" content=\"https:\/\/metall.plastekor.ee\/fi\/palvelut\/metallintyosto\/\" \/>\n<meta property=\"og:site_name\" content=\"Plastekor Metall\" \/>\n<meta property=\"article:modified_time\" content=\"2024-08-02T08:47:39+00:00\" \/>\n<meta name=\"twitter:card\" content=\"summary_large_image\" \/>\n<meta name=\"twitter:label1\" content=\"Arvioitu lukuaika\" \/>\n\t<meta name=\"twitter:data1\" content=\"1 minuutti\" \/>\n<script type=\"application\/ld+json\" class=\"yoast-schema-graph\">{\"@context\":\"https:\/\/schema.org\",\"@graph\":[{\"@type\":\"WebPage\",\"@id\":\"https:\/\/metall.plastekor.ee\/fi\/palvelut\/metallintyosto\/\",\"url\":\"https:\/\/metall.plastekor.ee\/fi\/palvelut\/metallintyosto\/\",\"name\":\"Metallinty\u00f6st\u00f6 - Plastekor Metall\",\"isPartOf\":{\"@id\":\"https:\/\/metall.plastekor.ee\/fi\/#website\"},\"primaryImageOfPage\":{\"@id\":\"https:\/\/metall.plastekor.ee\/fi\/palvelut\/metallintyosto\/#primaryimage\"},\"image\":{\"@id\":\"https:\/\/metall.plastekor.ee\/fi\/palvelut\/metallintyosto\/#primaryimage\"},\"thumbnailUrl\":\"https:\/\/metall.plastekor.ee\/wp-content\/uploads\/2024\/08\/vaade4.jpg\",\"datePublished\":\"2024-01-29T12:28:43+00:00\",\"dateModified\":\"2024-08-02T08:47:39+00:00\",\"description\":\"Laaja valikoima metallinty\u00f6st\u00f6palveluja tarpeisiisi. Ammattitaitoiset ja laadukkaat ratkaisut erilaisiin metallinty\u00f6st\u00f6tarpeisiin.\",\"breadcrumb\":{\"@id\":\"https:\/\/metall.plastekor.ee\/fi\/palvelut\/metallintyosto\/#breadcrumb\"},\"inLanguage\":\"fi\",\"potentialAction\":[{\"@type\":\"ReadAction\",\"target\":[\"https:\/\/metall.plastekor.ee\/fi\/palvelut\/metallintyosto\/\"]}]},{\"@type\":\"ImageObject\",\"inLanguage\":\"fi\",\"@id\":\"https:\/\/metall.plastekor.ee\/fi\/palvelut\/metallintyosto\/#primaryimage\",\"url\":\"https:\/\/metall.plastekor.ee\/wp-content\/uploads\/2024\/08\/vaade4.jpg\",\"contentUrl\":\"https:\/\/metall.plastekor.ee\/wp-content\/uploads\/2024\/08\/vaade4.jpg\",\"width\":1086,\"height\":713},{\"@type\":\"BreadcrumbList\",\"@id\":\"https:\/\/metall.plastekor.ee\/fi\/palvelut\/metallintyosto\/#breadcrumb\",\"itemListElement\":[{\"@type\":\"ListItem\",\"position\":1,\"name\":\"Home\",\"item\":\"https:\/\/metall.plastekor.ee\/fi\/metallituotteet\/\"},{\"@type\":\"ListItem\",\"position\":2,\"name\":\"Palvelut\",\"item\":\"https:\/\/metall.plastekor.ee\/fi\/teenused\/\"},{\"@type\":\"ListItem\",\"position\":3,\"name\":\"Metallinty\u00f6st\u00f6\"}]},{\"@type\":\"WebSite\",\"@id\":\"https:\/\/metall.plastekor.ee\/fi\/#website\",\"url\":\"https:\/\/metall.plastekor.ee\/fi\/\",\"name\":\"Plastekor Metall\",\"description\":\"Klaasplasttoodete ja metalltoodete m\u00fc\u00fck\",\"publisher\":{\"@id\":\"https:\/\/metall.plastekor.ee\/fi\/#organization\"},\"potentialAction\":[{\"@type\":\"SearchAction\",\"target\":{\"@type\":\"EntryPoint\",\"urlTemplate\":\"https:\/\/metall.plastekor.ee\/fi\/?s={search_term_string}\"},\"query-input\":{\"@type\":\"PropertyValueSpecification\",\"valueRequired\":true,\"valueName\":\"search_term_string\"}}],\"inLanguage\":\"fi\"},{\"@type\":\"Organization\",\"@id\":\"https:\/\/metall.plastekor.ee\/fi\/#organization\",\"name\":\"Plastekor Metall\",\"url\":\"https:\/\/metall.plastekor.ee\/fi\/\",\"logo\":{\"@type\":\"ImageObject\",\"inLanguage\":\"fi\",\"@id\":\"https:\/\/metall.plastekor.ee\/fi\/#\/schema\/logo\/image\/\",\"url\":\"https:\/\/metall.plastekor.ee\/wp-content\/uploads\/2024\/03\/plastekor_red.svg\",\"contentUrl\":\"https:\/\/metall.plastekor.ee\/wp-content\/uploads\/2024\/03\/plastekor_red.svg\",\"width\":1,\"height\":1,\"caption\":\"Plastekor Metall\"},\"image\":{\"@id\":\"https:\/\/metall.plastekor.ee\/fi\/#\/schema\/logo\/image\/\"}}]}<\/script>\n<!-- \/ Yoast SEO plugin. -->","yoast_head_json":{"title":"Metallinty\u00f6st\u00f6 - Plastekor Metall","description":"Laaja valikoima metallinty\u00f6st\u00f6palveluja tarpeisiisi. Ammattitaitoiset ja laadukkaat ratkaisut erilaisiin metallinty\u00f6st\u00f6tarpeisiin.","robots":{"index":"index","follow":"follow","max-snippet":"max-snippet:-1","max-image-preview":"max-image-preview:large","max-video-preview":"max-video-preview:-1"},"canonical":"https:\/\/metall.plastekor.ee\/fi\/palvelut\/metallintyosto\/","og_locale":"fi_FI","og_type":"article","og_title":"Metallinty\u00f6st\u00f6 - Plastekor Metall","og_description":"Laaja valikoima metallinty\u00f6st\u00f6palveluja tarpeisiisi. Ammattitaitoiset ja laadukkaat ratkaisut erilaisiin metallinty\u00f6st\u00f6tarpeisiin.","og_url":"https:\/\/metall.plastekor.ee\/fi\/palvelut\/metallintyosto\/","og_site_name":"Plastekor Metall","article_modified_time":"2024-08-02T08:47:39+00:00","twitter_card":"summary_large_image","twitter_misc":{"Arvioitu lukuaika":"1 minuutti"},"schema":{"@context":"https:\/\/schema.org","@graph":[{"@type":"WebPage","@id":"https:\/\/metall.plastekor.ee\/fi\/palvelut\/metallintyosto\/","url":"https:\/\/metall.plastekor.ee\/fi\/palvelut\/metallintyosto\/","name":"Metallinty\u00f6st\u00f6 - Plastekor Metall","isPartOf":{"@id":"https:\/\/metall.plastekor.ee\/fi\/#website"},"primaryImageOfPage":{"@id":"https:\/\/metall.plastekor.ee\/fi\/palvelut\/metallintyosto\/#primaryimage"},"image":{"@id":"https:\/\/metall.plastekor.ee\/fi\/palvelut\/metallintyosto\/#primaryimage"},"thumbnailUrl":"https:\/\/metall.plastekor.ee\/wp-content\/uploads\/2024\/08\/vaade4.jpg","datePublished":"2024-01-29T12:28:43+00:00","dateModified":"2024-08-02T08:47:39+00:00","description":"Laaja valikoima metallinty\u00f6st\u00f6palveluja tarpeisiisi. Ammattitaitoiset ja laadukkaat ratkaisut erilaisiin metallinty\u00f6st\u00f6tarpeisiin.","breadcrumb":{"@id":"https:\/\/metall.plastekor.ee\/fi\/palvelut\/metallintyosto\/#breadcrumb"},"inLanguage":"fi","potentialAction":[{"@type":"ReadAction","target":["https:\/\/metall.plastekor.ee\/fi\/palvelut\/metallintyosto\/"]}]},{"@type":"ImageObject","inLanguage":"fi","@id":"https:\/\/metall.plastekor.ee\/fi\/palvelut\/metallintyosto\/#primaryimage","url":"https:\/\/metall.plastekor.ee\/wp-content\/uploads\/2024\/08\/vaade4.jpg","contentUrl":"https:\/\/metall.plastekor.ee\/wp-content\/uploads\/2024\/08\/vaade4.jpg","width":1086,"height":713},{"@type":"BreadcrumbList","@id":"https:\/\/metall.plastekor.ee\/fi\/palvelut\/metallintyosto\/#breadcrumb","itemListElement":[{"@type":"ListItem","position":1,"name":"Home","item":"https:\/\/metall.plastekor.ee\/fi\/metallituotteet\/"},{"@type":"ListItem","position":2,"name":"Palvelut","item":"https:\/\/metall.plastekor.ee\/fi\/teenused\/"},{"@type":"ListItem","position":3,"name":"Metallinty\u00f6st\u00f6"}]},{"@type":"WebSite","@id":"https:\/\/metall.plastekor.ee\/fi\/#website","url":"https:\/\/metall.plastekor.ee\/fi\/","name":"Plastekor Metall","description":"Klaasplasttoodete ja metalltoodete m\u00fc\u00fck","publisher":{"@id":"https:\/\/metall.plastekor.ee\/fi\/#organization"},"potentialAction":[{"@type":"SearchAction","target":{"@type":"EntryPoint","urlTemplate":"https:\/\/metall.plastekor.ee\/fi\/?s={search_term_string}"},"query-input":{"@type":"PropertyValueSpecification","valueRequired":true,"valueName":"search_term_string"}}],"inLanguage":"fi"},{"@type":"Organization","@id":"https:\/\/metall.plastekor.ee\/fi\/#organization","name":"Plastekor Metall","url":"https:\/\/metall.plastekor.ee\/fi\/","logo":{"@type":"ImageObject","inLanguage":"fi","@id":"https:\/\/metall.plastekor.ee\/fi\/#\/schema\/logo\/image\/","url":"https:\/\/metall.plastekor.ee\/wp-content\/uploads\/2024\/03\/plastekor_red.svg","contentUrl":"https:\/\/metall.plastekor.ee\/wp-content\/uploads\/2024\/03\/plastekor_red.svg","width":1,"height":1,"caption":"Plastekor Metall"},"image":{"@id":"https:\/\/metall.plastekor.ee\/fi\/#\/schema\/logo\/image\/"}}]}},"_links":{"self":[{"href":"https:\/\/metall.plastekor.ee\/fi\/wp-json\/wp\/v2\/pages\/2641","targetHints":{"allow":["GET"]}}],"collection":[{"href":"https:\/\/metall.plastekor.ee\/fi\/wp-json\/wp\/v2\/pages"}],"about":[{"href":"https:\/\/metall.plastekor.ee\/fi\/wp-json\/wp\/v2\/types\/page"}],"author":[{"embeddable":true,"href":"https:\/\/metall.plastekor.ee\/fi\/wp-json\/wp\/v2\/users\/2"}],"replies":[{"embeddable":true,"href":"https:\/\/metall.plastekor.ee\/fi\/wp-json\/wp\/v2\/comments?post=2641"}],"version-history":[{"count":1,"href":"https:\/\/metall.plastekor.ee\/fi\/wp-json\/wp\/v2\/pages\/2641\/revisions"}],"predecessor-version":[{"id":3620,"href":"https:\/\/metall.plastekor.ee\/fi\/wp-json\/wp\/v2\/pages\/2641\/revisions\/3620"}],"up":[{"embeddable":true,"href":"https:\/\/metall.plastekor.ee\/fi\/wp-json\/wp\/v2\/pages\/2638"}],"wp:featuredmedia":[{"embeddable":true,"href":"https:\/\/metall.plastekor.ee\/fi\/wp-json\/wp\/v2\/media\/3658"}],"wp:attachment":[{"href":"https:\/\/metall.plastekor.ee\/fi\/wp-json\/wp\/v2\/media?parent=2641"}],"curies":[{"name":"wp","href":"https:\/\/api.w.org\/{rel}","templated":true}]}}