{"id":2776,"date":"2024-01-29T14:28:11","date_gmt":"2024-01-29T12:28:11","guid":{"rendered":"https:\/\/metallplastekor.vdisain.dev\/palvelut\/multilift-sailioiden-ja-tuhkasailioiden-korjaus\/"},"modified":"2024-08-02T10:47:06","modified_gmt":"2024-08-02T08:47:06","slug":"multilift-sailioiden-ja-tuhkasailioiden-korjaus","status":"publish","type":"page","link":"https:\/\/metall.plastekor.ee\/fi\/palvelut\/multilift-sailioiden-ja-tuhkasailioiden-korjaus\/","title":{"rendered":"Multilift-s\u00e4ili\u00f6iden ja tuhkas\u00e4ili\u00f6iden korjaus"},"content":{"rendered":"","protected":false},"excerpt":{"rendered":"","protected":false},"author":2,"featured_media":3479,"parent":2638,"menu_order":7,"comment_status":"closed","ping_status":"closed","template":"templates\/teenus.php","meta":{"_acf_changed":false,"footnotes":""},"class_list":["post-2776","page","type-page","status-publish","has-post-thumbnail","hentry"],"acf":[],"yoast_head":"<!-- This site is optimized with the Yoast SEO plugin v27.5 - https:\/\/yoast.com\/product\/yoast-seo-wordpress\/ -->\n<title>Multilift-s\u00e4ili\u00f6iden ja tuhkas\u00e4ili\u00f6iden korjaus - Plastekor Metall<\/title>\n<meta name=\"description\" content=\"Luotettavaa multilift- ja tuhkas\u00e4ili\u00f6iden korjauspalvelua. Varmistamme s\u00e4ili\u00f6idesi toimivuuden ja pitk\u00e4ik\u00e4isyyden.\" \/>\n<meta name=\"robots\" content=\"index, follow, max-snippet:-1, max-image-preview:large, max-video-preview:-1\" \/>\n<link rel=\"canonical\" href=\"https:\/\/metall.plastekor.ee\/fi\/palvelut\/multilift-sailioiden-ja-tuhkasailioiden-korjaus\/\" \/>\n<meta property=\"og:locale\" content=\"fi_FI\" \/>\n<meta property=\"og:type\" content=\"article\" \/>\n<meta property=\"og:title\" content=\"Multilift-s\u00e4ili\u00f6iden ja tuhkas\u00e4ili\u00f6iden korjaus - Plastekor Metall\" \/>\n<meta property=\"og:description\" content=\"Luotettavaa multilift- ja tuhkas\u00e4ili\u00f6iden korjauspalvelua. Varmistamme s\u00e4ili\u00f6idesi toimivuuden ja pitk\u00e4ik\u00e4isyyden.\" \/>\n<meta property=\"og:url\" content=\"https:\/\/metall.plastekor.ee\/fi\/palvelut\/multilift-sailioiden-ja-tuhkasailioiden-korjaus\/\" \/>\n<meta property=\"og:site_name\" content=\"Plastekor Metall\" \/>\n<meta property=\"article:modified_time\" content=\"2024-08-02T08:47:06+00:00\" \/>\n<meta name=\"twitter:card\" content=\"summary_large_image\" \/>\n<meta name=\"twitter:label1\" content=\"Arvioitu lukuaika\" \/>\n\t<meta name=\"twitter:data1\" content=\"1 minuutti\" \/>\n<script type=\"application\/ld+json\" class=\"yoast-schema-graph\">{\"@context\":\"https:\\\/\\\/schema.org\",\"@graph\":[{\"@type\":\"WebPage\",\"@id\":\"https:\\\/\\\/metall.plastekor.ee\\\/fi\\\/palvelut\\\/multilift-sailioiden-ja-tuhkasailioiden-korjaus\\\/\",\"url\":\"https:\\\/\\\/metall.plastekor.ee\\\/fi\\\/palvelut\\\/multilift-sailioiden-ja-tuhkasailioiden-korjaus\\\/\",\"name\":\"Multilift-s\u00e4ili\u00f6iden ja tuhkas\u00e4ili\u00f6iden korjaus - Plastekor Metall\",\"isPartOf\":{\"@id\":\"https:\\\/\\\/metall.plastekor.ee\\\/fi\\\/#website\"},\"primaryImageOfPage\":{\"@id\":\"https:\\\/\\\/metall.plastekor.ee\\\/fi\\\/palvelut\\\/multilift-sailioiden-ja-tuhkasailioiden-korjaus\\\/#primaryimage\"},\"image\":{\"@id\":\"https:\\\/\\\/metall.plastekor.ee\\\/fi\\\/palvelut\\\/multilift-sailioiden-ja-tuhkasailioiden-korjaus\\\/#primaryimage\"},\"thumbnailUrl\":\"https:\\\/\\\/metall.plastekor.ee\\\/wp-content\\\/uploads\\\/2024\\\/06\\\/tuhakonteiner-2.jpg\",\"datePublished\":\"2024-01-29T12:28:11+00:00\",\"dateModified\":\"2024-08-02T08:47:06+00:00\",\"description\":\"Luotettavaa multilift- ja tuhkas\u00e4ili\u00f6iden korjauspalvelua. Varmistamme s\u00e4ili\u00f6idesi toimivuuden ja pitk\u00e4ik\u00e4isyyden.\",\"breadcrumb\":{\"@id\":\"https:\\\/\\\/metall.plastekor.ee\\\/fi\\\/palvelut\\\/multilift-sailioiden-ja-tuhkasailioiden-korjaus\\\/#breadcrumb\"},\"inLanguage\":\"fi\",\"potentialAction\":[{\"@type\":\"ReadAction\",\"target\":[\"https:\\\/\\\/metall.plastekor.ee\\\/fi\\\/palvelut\\\/multilift-sailioiden-ja-tuhkasailioiden-korjaus\\\/\"]}]},{\"@type\":\"ImageObject\",\"inLanguage\":\"fi\",\"@id\":\"https:\\\/\\\/metall.plastekor.ee\\\/fi\\\/palvelut\\\/multilift-sailioiden-ja-tuhkasailioiden-korjaus\\\/#primaryimage\",\"url\":\"https:\\\/\\\/metall.plastekor.ee\\\/wp-content\\\/uploads\\\/2024\\\/06\\\/tuhakonteiner-2.jpg\",\"contentUrl\":\"https:\\\/\\\/metall.plastekor.ee\\\/wp-content\\\/uploads\\\/2024\\\/06\\\/tuhakonteiner-2.jpg\",\"width\":1600,\"height\":1200},{\"@type\":\"BreadcrumbList\",\"@id\":\"https:\\\/\\\/metall.plastekor.ee\\\/fi\\\/palvelut\\\/multilift-sailioiden-ja-tuhkasailioiden-korjaus\\\/#breadcrumb\",\"itemListElement\":[{\"@type\":\"ListItem\",\"position\":1,\"name\":\"Home\",\"item\":\"https:\\\/\\\/metall.plastekor.ee\\\/fi\\\/metallituotteet\\\/\"},{\"@type\":\"ListItem\",\"position\":2,\"name\":\"Palvelut\",\"item\":\"https:\\\/\\\/metall.plastekor.ee\\\/fi\\\/teenused\\\/\"},{\"@type\":\"ListItem\",\"position\":3,\"name\":\"Multilift-s\u00e4ili\u00f6iden ja tuhkas\u00e4ili\u00f6iden korjaus\"}]},{\"@type\":\"WebSite\",\"@id\":\"https:\\\/\\\/metall.plastekor.ee\\\/fi\\\/#website\",\"url\":\"https:\\\/\\\/metall.plastekor.ee\\\/fi\\\/\",\"name\":\"Plastekor Metall\",\"description\":\"Klaasplasttoodete ja metalltoodete m\u00fc\u00fck\",\"publisher\":{\"@id\":\"https:\\\/\\\/metall.plastekor.ee\\\/fi\\\/#organization\"},\"potentialAction\":[{\"@type\":\"SearchAction\",\"target\":{\"@type\":\"EntryPoint\",\"urlTemplate\":\"https:\\\/\\\/metall.plastekor.ee\\\/fi\\\/?s={search_term_string}\"},\"query-input\":{\"@type\":\"PropertyValueSpecification\",\"valueRequired\":true,\"valueName\":\"search_term_string\"}}],\"inLanguage\":\"fi\"},{\"@type\":\"Organization\",\"@id\":\"https:\\\/\\\/metall.plastekor.ee\\\/fi\\\/#organization\",\"name\":\"Plastekor Metall\",\"url\":\"https:\\\/\\\/metall.plastekor.ee\\\/fi\\\/\",\"logo\":{\"@type\":\"ImageObject\",\"inLanguage\":\"fi\",\"@id\":\"https:\\\/\\\/metall.plastekor.ee\\\/fi\\\/#\\\/schema\\\/logo\\\/image\\\/\",\"url\":\"https:\\\/\\\/metall.plastekor.ee\\\/wp-content\\\/uploads\\\/2024\\\/03\\\/plastekor_red.svg\",\"contentUrl\":\"https:\\\/\\\/metall.plastekor.ee\\\/wp-content\\\/uploads\\\/2024\\\/03\\\/plastekor_red.svg\",\"width\":1,\"height\":1,\"caption\":\"Plastekor Metall\"},\"image\":{\"@id\":\"https:\\\/\\\/metall.plastekor.ee\\\/fi\\\/#\\\/schema\\\/logo\\\/image\\\/\"}}]}<\/script>\n<!-- \/ Yoast SEO plugin. -->","yoast_head_json":{"title":"Multilift-s\u00e4ili\u00f6iden ja tuhkas\u00e4ili\u00f6iden korjaus - Plastekor Metall","description":"Luotettavaa multilift- ja tuhkas\u00e4ili\u00f6iden korjauspalvelua. Varmistamme s\u00e4ili\u00f6idesi toimivuuden ja pitk\u00e4ik\u00e4isyyden.","robots":{"index":"index","follow":"follow","max-snippet":"max-snippet:-1","max-image-preview":"max-image-preview:large","max-video-preview":"max-video-preview:-1"},"canonical":"https:\/\/metall.plastekor.ee\/fi\/palvelut\/multilift-sailioiden-ja-tuhkasailioiden-korjaus\/","og_locale":"fi_FI","og_type":"article","og_title":"Multilift-s\u00e4ili\u00f6iden ja tuhkas\u00e4ili\u00f6iden korjaus - Plastekor Metall","og_description":"Luotettavaa multilift- ja tuhkas\u00e4ili\u00f6iden korjauspalvelua. Varmistamme s\u00e4ili\u00f6idesi toimivuuden ja pitk\u00e4ik\u00e4isyyden.","og_url":"https:\/\/metall.plastekor.ee\/fi\/palvelut\/multilift-sailioiden-ja-tuhkasailioiden-korjaus\/","og_site_name":"Plastekor Metall","article_modified_time":"2024-08-02T08:47:06+00:00","twitter_card":"summary_large_image","twitter_misc":{"Arvioitu lukuaika":"1 minuutti"},"schema":{"@context":"https:\/\/schema.org","@graph":[{"@type":"WebPage","@id":"https:\/\/metall.plastekor.ee\/fi\/palvelut\/multilift-sailioiden-ja-tuhkasailioiden-korjaus\/","url":"https:\/\/metall.plastekor.ee\/fi\/palvelut\/multilift-sailioiden-ja-tuhkasailioiden-korjaus\/","name":"Multilift-s\u00e4ili\u00f6iden ja tuhkas\u00e4ili\u00f6iden korjaus - Plastekor Metall","isPartOf":{"@id":"https:\/\/metall.plastekor.ee\/fi\/#website"},"primaryImageOfPage":{"@id":"https:\/\/metall.plastekor.ee\/fi\/palvelut\/multilift-sailioiden-ja-tuhkasailioiden-korjaus\/#primaryimage"},"image":{"@id":"https:\/\/metall.plastekor.ee\/fi\/palvelut\/multilift-sailioiden-ja-tuhkasailioiden-korjaus\/#primaryimage"},"thumbnailUrl":"https:\/\/metall.plastekor.ee\/wp-content\/uploads\/2024\/06\/tuhakonteiner-2.jpg","datePublished":"2024-01-29T12:28:11+00:00","dateModified":"2024-08-02T08:47:06+00:00","description":"Luotettavaa multilift- ja tuhkas\u00e4ili\u00f6iden korjauspalvelua. Varmistamme s\u00e4ili\u00f6idesi toimivuuden ja pitk\u00e4ik\u00e4isyyden.","breadcrumb":{"@id":"https:\/\/metall.plastekor.ee\/fi\/palvelut\/multilift-sailioiden-ja-tuhkasailioiden-korjaus\/#breadcrumb"},"inLanguage":"fi","potentialAction":[{"@type":"ReadAction","target":["https:\/\/metall.plastekor.ee\/fi\/palvelut\/multilift-sailioiden-ja-tuhkasailioiden-korjaus\/"]}]},{"@type":"ImageObject","inLanguage":"fi","@id":"https:\/\/metall.plastekor.ee\/fi\/palvelut\/multilift-sailioiden-ja-tuhkasailioiden-korjaus\/#primaryimage","url":"https:\/\/metall.plastekor.ee\/wp-content\/uploads\/2024\/06\/tuhakonteiner-2.jpg","contentUrl":"https:\/\/metall.plastekor.ee\/wp-content\/uploads\/2024\/06\/tuhakonteiner-2.jpg","width":1600,"height":1200},{"@type":"BreadcrumbList","@id":"https:\/\/metall.plastekor.ee\/fi\/palvelut\/multilift-sailioiden-ja-tuhkasailioiden-korjaus\/#breadcrumb","itemListElement":[{"@type":"ListItem","position":1,"name":"Home","item":"https:\/\/metall.plastekor.ee\/fi\/metallituotteet\/"},{"@type":"ListItem","position":2,"name":"Palvelut","item":"https:\/\/metall.plastekor.ee\/fi\/teenused\/"},{"@type":"ListItem","position":3,"name":"Multilift-s\u00e4ili\u00f6iden ja tuhkas\u00e4ili\u00f6iden korjaus"}]},{"@type":"WebSite","@id":"https:\/\/metall.plastekor.ee\/fi\/#website","url":"https:\/\/metall.plastekor.ee\/fi\/","name":"Plastekor Metall","description":"Klaasplasttoodete ja metalltoodete m\u00fc\u00fck","publisher":{"@id":"https:\/\/metall.plastekor.ee\/fi\/#organization"},"potentialAction":[{"@type":"SearchAction","target":{"@type":"EntryPoint","urlTemplate":"https:\/\/metall.plastekor.ee\/fi\/?s={search_term_string}"},"query-input":{"@type":"PropertyValueSpecification","valueRequired":true,"valueName":"search_term_string"}}],"inLanguage":"fi"},{"@type":"Organization","@id":"https:\/\/metall.plastekor.ee\/fi\/#organization","name":"Plastekor Metall","url":"https:\/\/metall.plastekor.ee\/fi\/","logo":{"@type":"ImageObject","inLanguage":"fi","@id":"https:\/\/metall.plastekor.ee\/fi\/#\/schema\/logo\/image\/","url":"https:\/\/metall.plastekor.ee\/wp-content\/uploads\/2024\/03\/plastekor_red.svg","contentUrl":"https:\/\/metall.plastekor.ee\/wp-content\/uploads\/2024\/03\/plastekor_red.svg","width":1,"height":1,"caption":"Plastekor Metall"},"image":{"@id":"https:\/\/metall.plastekor.ee\/fi\/#\/schema\/logo\/image\/"}}]}},"_links":{"self":[{"href":"https:\/\/metall.plastekor.ee\/fi\/wp-json\/wp\/v2\/pages\/2776","targetHints":{"allow":["GET"]}}],"collection":[{"href":"https:\/\/metall.plastekor.ee\/fi\/wp-json\/wp\/v2\/pages"}],"about":[{"href":"https:\/\/metall.plastekor.ee\/fi\/wp-json\/wp\/v2\/types\/page"}],"author":[{"embeddable":true,"href":"https:\/\/metall.plastekor.ee\/fi\/wp-json\/wp\/v2\/users\/2"}],"replies":[{"embeddable":true,"href":"https:\/\/metall.plastekor.ee\/fi\/wp-json\/wp\/v2\/comments?post=2776"}],"version-history":[{"count":1,"href":"https:\/\/metall.plastekor.ee\/fi\/wp-json\/wp\/v2\/pages\/2776\/revisions"}],"predecessor-version":[{"id":3618,"href":"https:\/\/metall.plastekor.ee\/fi\/wp-json\/wp\/v2\/pages\/2776\/revisions\/3618"}],"up":[{"embeddable":true,"href":"https:\/\/metall.plastekor.ee\/fi\/wp-json\/wp\/v2\/pages\/2638"}],"wp:featuredmedia":[{"embeddable":true,"href":"https:\/\/metall.plastekor.ee\/fi\/wp-json\/wp\/v2\/media\/3479"}],"wp:attachment":[{"href":"https:\/\/metall.plastekor.ee\/fi\/wp-json\/wp\/v2\/media?parent=2776"}],"curies":[{"name":"wp","href":"https:\/\/api.w.org\/{rel}","templated":true}]}}