{"id":2795,"date":"2024-01-29T14:28:27","date_gmt":"2024-01-29T12:28:27","guid":{"rendered":"https:\/\/metallplastekor.vdisain.dev\/palvelut\/rakenteellinen-metallityo\/"},"modified":"2024-08-02T10:47:32","modified_gmt":"2024-08-02T08:47:32","slug":"rakenteellinen-metallityo","status":"publish","type":"page","link":"https:\/\/metall.plastekor.ee\/fi\/palvelut\/rakenteellinen-metallityo\/","title":{"rendered":"Rakenteellinen metallity\u00f6"},"content":{"rendered":"","protected":false},"excerpt":{"rendered":"","protected":false},"author":2,"featured_media":2983,"parent":2638,"menu_order":5,"comment_status":"closed","ping_status":"closed","template":"templates\/teenus.php","meta":{"_acf_changed":false,"footnotes":""},"class_list":["post-2795","page","type-page","status-publish","has-post-thumbnail","hentry"],"acf":[],"yoast_head":"<!-- This site is optimized with the Yoast SEO plugin v26.8 - https:\/\/yoast.com\/product\/yoast-seo-wordpress\/ -->\n<title>Rakenteellinen metallity\u00f6 - Plastekor Metall<\/title>\n<meta name=\"description\" content=\"Ammattitaitoiset rakenteelliset metallity\u00f6t. Tarjoamme laadukkaita ja kest\u00e4vi\u00e4 ratkaisuja rakennusprojekteihisi.\" \/>\n<meta name=\"robots\" content=\"index, follow, max-snippet:-1, max-image-preview:large, max-video-preview:-1\" \/>\n<link rel=\"canonical\" href=\"https:\/\/metall.plastekor.ee\/fi\/palvelut\/rakenteellinen-metallityo\/\" \/>\n<meta property=\"og:locale\" content=\"fi_FI\" \/>\n<meta property=\"og:type\" content=\"article\" \/>\n<meta property=\"og:title\" content=\"Rakenteellinen metallity\u00f6 - Plastekor Metall\" \/>\n<meta property=\"og:description\" content=\"Ammattitaitoiset rakenteelliset metallity\u00f6t. Tarjoamme laadukkaita ja kest\u00e4vi\u00e4 ratkaisuja rakennusprojekteihisi.\" \/>\n<meta property=\"og:url\" content=\"https:\/\/metall.plastekor.ee\/fi\/palvelut\/rakenteellinen-metallityo\/\" \/>\n<meta property=\"og:site_name\" content=\"Plastekor Metall\" \/>\n<meta property=\"article:modified_time\" content=\"2024-08-02T08:47:32+00:00\" \/>\n<meta name=\"twitter:card\" content=\"summary_large_image\" \/>\n<meta name=\"twitter:label1\" content=\"Arvioitu lukuaika\" \/>\n\t<meta name=\"twitter:data1\" content=\"1 minuutti\" \/>\n<script type=\"application\/ld+json\" class=\"yoast-schema-graph\">{\"@context\":\"https:\/\/schema.org\",\"@graph\":[{\"@type\":\"WebPage\",\"@id\":\"https:\/\/metall.plastekor.ee\/fi\/palvelut\/rakenteellinen-metallityo\/\",\"url\":\"https:\/\/metall.plastekor.ee\/fi\/palvelut\/rakenteellinen-metallityo\/\",\"name\":\"Rakenteellinen metallity\u00f6 - Plastekor Metall\",\"isPartOf\":{\"@id\":\"https:\/\/metall.plastekor.ee\/fi\/#website\"},\"primaryImageOfPage\":{\"@id\":\"https:\/\/metall.plastekor.ee\/fi\/palvelut\/rakenteellinen-metallityo\/#primaryimage\"},\"image\":{\"@id\":\"https:\/\/metall.plastekor.ee\/fi\/palvelut\/rakenteellinen-metallityo\/#primaryimage\"},\"thumbnailUrl\":\"https:\/\/metall.plastekor.ee\/wp-content\/uploads\/2024\/03\/ld_7.0_konteiner-scaled.jpg\",\"datePublished\":\"2024-01-29T12:28:27+00:00\",\"dateModified\":\"2024-08-02T08:47:32+00:00\",\"description\":\"Ammattitaitoiset rakenteelliset metallity\u00f6t. Tarjoamme laadukkaita ja kest\u00e4vi\u00e4 ratkaisuja rakennusprojekteihisi.\",\"breadcrumb\":{\"@id\":\"https:\/\/metall.plastekor.ee\/fi\/palvelut\/rakenteellinen-metallityo\/#breadcrumb\"},\"inLanguage\":\"fi\",\"potentialAction\":[{\"@type\":\"ReadAction\",\"target\":[\"https:\/\/metall.plastekor.ee\/fi\/palvelut\/rakenteellinen-metallityo\/\"]}]},{\"@type\":\"ImageObject\",\"inLanguage\":\"fi\",\"@id\":\"https:\/\/metall.plastekor.ee\/fi\/palvelut\/rakenteellinen-metallityo\/#primaryimage\",\"url\":\"https:\/\/metall.plastekor.ee\/wp-content\/uploads\/2024\/03\/ld_7.0_konteiner-scaled.jpg\",\"contentUrl\":\"https:\/\/metall.plastekor.ee\/wp-content\/uploads\/2024\/03\/ld_7.0_konteiner-scaled.jpg\",\"width\":2560,\"height\":1920},{\"@type\":\"BreadcrumbList\",\"@id\":\"https:\/\/metall.plastekor.ee\/fi\/palvelut\/rakenteellinen-metallityo\/#breadcrumb\",\"itemListElement\":[{\"@type\":\"ListItem\",\"position\":1,\"name\":\"Home\",\"item\":\"https:\/\/metall.plastekor.ee\/fi\/metallituotteet\/\"},{\"@type\":\"ListItem\",\"position\":2,\"name\":\"Palvelut\",\"item\":\"https:\/\/metall.plastekor.ee\/fi\/teenused\/\"},{\"@type\":\"ListItem\",\"position\":3,\"name\":\"Rakenteellinen metallity\u00f6\"}]},{\"@type\":\"WebSite\",\"@id\":\"https:\/\/metall.plastekor.ee\/fi\/#website\",\"url\":\"https:\/\/metall.plastekor.ee\/fi\/\",\"name\":\"Plastekor Metall\",\"description\":\"Klaasplasttoodete ja metalltoodete m\u00fc\u00fck\",\"publisher\":{\"@id\":\"https:\/\/metall.plastekor.ee\/fi\/#organization\"},\"potentialAction\":[{\"@type\":\"SearchAction\",\"target\":{\"@type\":\"EntryPoint\",\"urlTemplate\":\"https:\/\/metall.plastekor.ee\/fi\/?s={search_term_string}\"},\"query-input\":{\"@type\":\"PropertyValueSpecification\",\"valueRequired\":true,\"valueName\":\"search_term_string\"}}],\"inLanguage\":\"fi\"},{\"@type\":\"Organization\",\"@id\":\"https:\/\/metall.plastekor.ee\/fi\/#organization\",\"name\":\"Plastekor Metall\",\"url\":\"https:\/\/metall.plastekor.ee\/fi\/\",\"logo\":{\"@type\":\"ImageObject\",\"inLanguage\":\"fi\",\"@id\":\"https:\/\/metall.plastekor.ee\/fi\/#\/schema\/logo\/image\/\",\"url\":\"https:\/\/metall.plastekor.ee\/wp-content\/uploads\/2024\/03\/plastekor_red.svg\",\"contentUrl\":\"https:\/\/metall.plastekor.ee\/wp-content\/uploads\/2024\/03\/plastekor_red.svg\",\"width\":1,\"height\":1,\"caption\":\"Plastekor Metall\"},\"image\":{\"@id\":\"https:\/\/metall.plastekor.ee\/fi\/#\/schema\/logo\/image\/\"}}]}<\/script>\n<!-- \/ Yoast SEO plugin. -->","yoast_head_json":{"title":"Rakenteellinen metallity\u00f6 - Plastekor Metall","description":"Ammattitaitoiset rakenteelliset metallity\u00f6t. Tarjoamme laadukkaita ja kest\u00e4vi\u00e4 ratkaisuja rakennusprojekteihisi.","robots":{"index":"index","follow":"follow","max-snippet":"max-snippet:-1","max-image-preview":"max-image-preview:large","max-video-preview":"max-video-preview:-1"},"canonical":"https:\/\/metall.plastekor.ee\/fi\/palvelut\/rakenteellinen-metallityo\/","og_locale":"fi_FI","og_type":"article","og_title":"Rakenteellinen metallity\u00f6 - Plastekor Metall","og_description":"Ammattitaitoiset rakenteelliset metallity\u00f6t. Tarjoamme laadukkaita ja kest\u00e4vi\u00e4 ratkaisuja rakennusprojekteihisi.","og_url":"https:\/\/metall.plastekor.ee\/fi\/palvelut\/rakenteellinen-metallityo\/","og_site_name":"Plastekor Metall","article_modified_time":"2024-08-02T08:47:32+00:00","twitter_card":"summary_large_image","twitter_misc":{"Arvioitu lukuaika":"1 minuutti"},"schema":{"@context":"https:\/\/schema.org","@graph":[{"@type":"WebPage","@id":"https:\/\/metall.plastekor.ee\/fi\/palvelut\/rakenteellinen-metallityo\/","url":"https:\/\/metall.plastekor.ee\/fi\/palvelut\/rakenteellinen-metallityo\/","name":"Rakenteellinen metallity\u00f6 - Plastekor Metall","isPartOf":{"@id":"https:\/\/metall.plastekor.ee\/fi\/#website"},"primaryImageOfPage":{"@id":"https:\/\/metall.plastekor.ee\/fi\/palvelut\/rakenteellinen-metallityo\/#primaryimage"},"image":{"@id":"https:\/\/metall.plastekor.ee\/fi\/palvelut\/rakenteellinen-metallityo\/#primaryimage"},"thumbnailUrl":"https:\/\/metall.plastekor.ee\/wp-content\/uploads\/2024\/03\/ld_7.0_konteiner-scaled.jpg","datePublished":"2024-01-29T12:28:27+00:00","dateModified":"2024-08-02T08:47:32+00:00","description":"Ammattitaitoiset rakenteelliset metallity\u00f6t. Tarjoamme laadukkaita ja kest\u00e4vi\u00e4 ratkaisuja rakennusprojekteihisi.","breadcrumb":{"@id":"https:\/\/metall.plastekor.ee\/fi\/palvelut\/rakenteellinen-metallityo\/#breadcrumb"},"inLanguage":"fi","potentialAction":[{"@type":"ReadAction","target":["https:\/\/metall.plastekor.ee\/fi\/palvelut\/rakenteellinen-metallityo\/"]}]},{"@type":"ImageObject","inLanguage":"fi","@id":"https:\/\/metall.plastekor.ee\/fi\/palvelut\/rakenteellinen-metallityo\/#primaryimage","url":"https:\/\/metall.plastekor.ee\/wp-content\/uploads\/2024\/03\/ld_7.0_konteiner-scaled.jpg","contentUrl":"https:\/\/metall.plastekor.ee\/wp-content\/uploads\/2024\/03\/ld_7.0_konteiner-scaled.jpg","width":2560,"height":1920},{"@type":"BreadcrumbList","@id":"https:\/\/metall.plastekor.ee\/fi\/palvelut\/rakenteellinen-metallityo\/#breadcrumb","itemListElement":[{"@type":"ListItem","position":1,"name":"Home","item":"https:\/\/metall.plastekor.ee\/fi\/metallituotteet\/"},{"@type":"ListItem","position":2,"name":"Palvelut","item":"https:\/\/metall.plastekor.ee\/fi\/teenused\/"},{"@type":"ListItem","position":3,"name":"Rakenteellinen metallity\u00f6"}]},{"@type":"WebSite","@id":"https:\/\/metall.plastekor.ee\/fi\/#website","url":"https:\/\/metall.plastekor.ee\/fi\/","name":"Plastekor Metall","description":"Klaasplasttoodete ja metalltoodete m\u00fc\u00fck","publisher":{"@id":"https:\/\/metall.plastekor.ee\/fi\/#organization"},"potentialAction":[{"@type":"SearchAction","target":{"@type":"EntryPoint","urlTemplate":"https:\/\/metall.plastekor.ee\/fi\/?s={search_term_string}"},"query-input":{"@type":"PropertyValueSpecification","valueRequired":true,"valueName":"search_term_string"}}],"inLanguage":"fi"},{"@type":"Organization","@id":"https:\/\/metall.plastekor.ee\/fi\/#organization","name":"Plastekor Metall","url":"https:\/\/metall.plastekor.ee\/fi\/","logo":{"@type":"ImageObject","inLanguage":"fi","@id":"https:\/\/metall.plastekor.ee\/fi\/#\/schema\/logo\/image\/","url":"https:\/\/metall.plastekor.ee\/wp-content\/uploads\/2024\/03\/plastekor_red.svg","contentUrl":"https:\/\/metall.plastekor.ee\/wp-content\/uploads\/2024\/03\/plastekor_red.svg","width":1,"height":1,"caption":"Plastekor Metall"},"image":{"@id":"https:\/\/metall.plastekor.ee\/fi\/#\/schema\/logo\/image\/"}}]}},"_links":{"self":[{"href":"https:\/\/metall.plastekor.ee\/fi\/wp-json\/wp\/v2\/pages\/2795","targetHints":{"allow":["GET"]}}],"collection":[{"href":"https:\/\/metall.plastekor.ee\/fi\/wp-json\/wp\/v2\/pages"}],"about":[{"href":"https:\/\/metall.plastekor.ee\/fi\/wp-json\/wp\/v2\/types\/page"}],"author":[{"embeddable":true,"href":"https:\/\/metall.plastekor.ee\/fi\/wp-json\/wp\/v2\/users\/2"}],"replies":[{"embeddable":true,"href":"https:\/\/metall.plastekor.ee\/fi\/wp-json\/wp\/v2\/comments?post=2795"}],"version-history":[{"count":1,"href":"https:\/\/metall.plastekor.ee\/fi\/wp-json\/wp\/v2\/pages\/2795\/revisions"}],"predecessor-version":[{"id":2797,"href":"https:\/\/metall.plastekor.ee\/fi\/wp-json\/wp\/v2\/pages\/2795\/revisions\/2797"}],"up":[{"embeddable":true,"href":"https:\/\/metall.plastekor.ee\/fi\/wp-json\/wp\/v2\/pages\/2638"}],"wp:featuredmedia":[{"embeddable":true,"href":"https:\/\/metall.plastekor.ee\/fi\/wp-json\/wp\/v2\/media\/2983"}],"wp:attachment":[{"href":"https:\/\/metall.plastekor.ee\/fi\/wp-json\/wp\/v2\/media?parent=2795"}],"curies":[{"name":"wp","href":"https:\/\/api.w.org\/{rel}","templated":true}]}}